{"id":1481,"date":"2019-04-09T18:51:15","date_gmt":"2019-04-09T16:51:15","guid":{"rendered":"http:\/\/intombi.de\/intombi\/"},"modified":"2024-02-28T13:29:13","modified_gmt":"2024-02-28T12:29:13","slug":"intombi","status":"publish","type":"page","link":"https:\/\/intombi.de\/en\/intombi\/","title":{"rendered":"For girls worldwide"},"content":{"rendered":"\n<div class=\"wp-block-cgb-block-about-us-header container-fluid about-header position-relative\"><div class=\"row\"><div class=\"container my-5\"><div class=\"row\"><div class=\"col-12 col-sm-5 mt-5\"><h2 class=\"text-secondary my-5\">For girls worldwide<\/h2><p class=\"text-secondary\">Exchanging ideas, learning from each other, supporting each other and creating opportunities for a successful future \u2013 this is where we support girls around the world. Our work for and especially with girls is personal and participatory.<\/p><\/div><div class=\"col-12 col-sm-6 col-lg-7 mt-5\"><img decoding=\"async\" src=\"https:\/\/intombi.de\/wp-content\/uploads\/2019\/04\/slider-2.jpg\" class=\"img-fluid\"\/><\/div><\/div><\/div><\/div><\/div>\r\n\n<h2 class=\"wp-block-heading text-tertiary my-5 container\">Our Philosophy<\/h2>\n\n<div class=\"wp-block-columns has-3-columns container my-5 py-5 is-layout-flex wp-container-core-columns-is-layout-9d6595d7 wp-block-columns-is-layout-flex\">\n<div class=\"wp-block-column is-layout-flow wp-block-column-is-layout-flow\">\n<div class=\"wp-block-cgb-block-content-column\" data-aos=\"fade-up\"><div class=\"row\"><div class=\"col-8 offset-2\"><div class=\"bubble\"><h3 class=\"text-secondary d-flex justify-content-center align-items-center text-center\">Vision<\/h3><\/div><\/div><\/div><p>Girls can change the world &#8211; for themselves and for others.<br>The change we are striving for is based on the United Nations\u2019 \u201cSustainable Development Goals\u201d. We particularly focus on Goal 4, providing high-quality education, and Goal 5, gender equality.  <\/p><\/div>\r\n\n\n\n<p><\/p>\n<\/div>\n\n\n\n<div class=\"wp-block-column is-layout-flow wp-block-column-is-layout-flow\">\n<div class=\"wp-block-cgb-block-content-column\" data-aos=\"fade-up\"><div class=\"row\"><div class=\"col-8 offset-2\"><div class=\"bubble\"><h3 class=\"text-secondary d-flex justify-content-center align-items-center text-center\">Mission<\/h3><\/div><\/div><\/div><p>We are building an international girls&#8217; network in which girls learn from and support each other. Digital exchange options and needs-oriented concrete support for the girls on site complement each other.<\/p><\/div>\r\n\n\n\n<p><\/p>\n<\/div>\n\n\n\n<div class=\"wp-block-column is-layout-flow wp-block-column-is-layout-flow\">\n<div class=\"wp-block-cgb-block-content-column\" data-aos=\"fade-up\"><div class=\"row\"><div class=\"col-8 offset-2\"><div class=\"bubble\"><h3 class=\"text-secondary d-flex justify-content-center align-items-center text-center\">Ziele<\/h3><\/div><\/div><\/div><p>Our girl groups in Rwanda, South Africa and Germany continue to grow and contact with each other is becoming more intense. Girls around the world receive support to have a successful start into the future. By girls we mean everyone who feels like a girl and defines themselves that way. <\/p><\/div>\r\n\n\n\n<p> <\/p>\n<\/div>\n<\/div>\n\t<div class=\"container my-5 py-5\" id=\"about-team\">\n\t\t<div class=\"row\">\n\t\t\t<div class=\"col-12\">\n\t\t\t\t<h2 class=\"text-tertiary my-5\">Das intombi-Team<\/h2>\n\t\t\t<\/div>\n\t\t<\/div>\n\t        <div class=\"row\">\n            <div class=\"col-12\">\n                <h3 class=\"text-tertiary my-3\">Vorstand<\/h3>\n            <\/div>\n        <\/div>\n        <div class=\"row\">\n        <div class=\"col-6 col-md-3 mb-4\">\n\t<div class=\"team-image\">\n\t\t<img decoding=\"async\" src=\"https:\/\/intombi.de\/wp-content\/uploads\/2019\/04\/1.1-Alex-1.jpg\" class=\"img-fluid\"><img decoding=\"async\" src=\"https:\/\/intombi.de\/wp-content\/uploads\/2019\/04\/1.1-Alex-2.jpg\" class=\"img-fluid mouseover\">\n\t<\/div>\n<\/div>\n<div class=\"col-6 col-md-3 mb-4\">\n\t<div class=\"team-image\">\n\t\t<img decoding=\"async\" src=\"https:\/\/intombi.de\/wp-content\/uploads\/2019\/04\/1.2-Irene-1.jpg\" class=\"img-fluid\"><img decoding=\"async\" src=\"https:\/\/intombi.de\/wp-content\/uploads\/2019\/04\/1.2-Irene-2.jpg\" class=\"img-fluid mouseover\">\n\t<\/div>\n<\/div>\n<div class=\"col-6 col-md-3 mb-4\">\n\t<div class=\"team-image\">\n\t\t<img decoding=\"async\" src=\"https:\/\/intombi.de\/wp-content\/uploads\/2019\/04\/1.3-Fabian-1.jpg\" class=\"img-fluid\"><img decoding=\"async\" src=\"https:\/\/intombi.de\/wp-content\/uploads\/2019\/04\/1.3-Fabian-2.jpg\" class=\"img-fluid mouseover\">\n\t<\/div>\n<\/div>\n<div class=\"col-6 col-md-3 mb-4\">\n\t<div class=\"team-image\">\n\t\t<img decoding=\"async\" src=\"https:\/\/intombi.de\/wp-content\/uploads\/2019\/04\/1.4-Lukas-1.jpg\" class=\"img-fluid\"><img decoding=\"async\" src=\"https:\/\/intombi.de\/wp-content\/uploads\/2019\/04\/1.4-Lukas-2.jpg\" class=\"img-fluid mouseover\">\n\t<\/div>\n<\/div>\n        <\/div>\n                <div class=\"row\">\n            <div class=\"col-12\">\n                <h3 class=\"text-tertiary my-3\">Kassenpr\u00fcfung<\/h3>\n            <\/div>\n        <\/div>\n        <div class=\"row\">\n        <div class=\"col-6 col-md-3 mb-4\">\n\t<div class=\"team-image\">\n\t\t<img decoding=\"async\" src=\"https:\/\/intombi.de\/wp-content\/uploads\/2019\/04\/2.2-Olli-1.jpg\" class=\"img-fluid\"><img decoding=\"async\" src=\"https:\/\/intombi.de\/wp-content\/uploads\/2019\/04\/2.2-Olli-2.jpg\" class=\"img-fluid mouseover\">\n\t<\/div>\n<\/div>\n<div class=\"col-6 col-md-3 mb-4\">\n\t<div class=\"team-image\">\n\t\t<img decoding=\"async\" src=\"https:\/\/intombi.de\/wp-content\/uploads\/2019\/04\/IMG_8618.png\" class=\"img-fluid\"><img decoding=\"async\" src=\"https:\/\/intombi.de\/wp-content\/uploads\/2019\/04\/2.4-Cori-2.jpg\" class=\"img-fluid mouseover\">\n\t<\/div>\n<\/div>\n        <\/div>\n                <div class=\"row\">\n            <div class=\"col-12\">\n                <h3 class=\"text-tertiary my-3\">Redaktion<\/h3>\n            <\/div>\n        <\/div>\n        <div class=\"row\">\n        <div class=\"col-6 col-md-3 mb-4\">\n\t<div class=\"team-image\">\n\t\t<img decoding=\"async\" src=\"https:\/\/intombi.de\/wp-content\/uploads\/2019\/04\/1.1-Alex-1.jpg\" class=\"img-fluid\"><img decoding=\"async\" src=\"https:\/\/intombi.de\/wp-content\/uploads\/2019\/04\/1.1-Alex-2.jpg\" class=\"img-fluid mouseover\">\n\t<\/div>\n<\/div>\n<div class=\"col-6 col-md-3 mb-4\">\n\t<div class=\"team-image\">\n\t\t<img decoding=\"async\" src=\"https:\/\/intombi.de\/wp-content\/uploads\/2021\/03\/Kein-Titel-940-x-940-px-1.png\" class=\"img-fluid\"><img decoding=\"async\" src=\"https:\/\/intombi.de\/wp-content\/uploads\/2021\/03\/Kein-Titel-940-x-940-px-1.png\" class=\"img-fluid mouseover\">\n\t<\/div>\n<\/div>\n<div class=\"col-6 col-md-3 mb-4\">\n\t<div class=\"team-image\">\n\t\t<img decoding=\"async\" src=\"https:\/\/intombi.de\/wp-content\/uploads\/2025\/07\/Kopie-von-Kopie-von-Kopie-von-Alex.png\" class=\"img-fluid\"><img decoding=\"async\" src=\"https:\/\/intombi.de\/wp-content\/uploads\/2025\/07\/Kopie-von-Kopie-von-Kopie-von-Alex.png\" class=\"img-fluid mouseover\">\n\t<\/div>\n<\/div>\n        <\/div>\n        \t<\/div>\n\t\n<div id=\"jobs\" class=\"anchor-offset\"><\/div>\r\n\n<div class=\"wp-block-media-text alignwide has-media-on-the-right is-stacked-on-mobile container mb-7\"><div class=\"wp-block-media-text__content\">\n<h2 class=\"wp-block-heading text-tertiary anchor-offset\">Jobs<\/h2>\n\n\n\n<p>There is currently no position advertised.<\/p>\n<\/div><figure class=\"wp-block-media-text__media\"><img decoding=\"async\" src=\"https:\/\/intombi.de\/wp-content\/uploads\/2019\/06\/040EE613-9D79-477A-9A17-4F32F541D557-1024x683.jpeg\" alt=\"\" class=\"wp-image-2847 size-full\"\/><\/figure><\/div>\n\n<div id=\"history\" class=\"anchor-offset\"><\/div>\r\n\n<div class=\"wp-block-media-text alignwide has-media-on-the-right is-stacked-on-mobile container\"><div class=\"wp-block-media-text__content\">\n<h2 class=\"wp-block-heading text-tertiary anchor-offset\">Unsere Geschichte<\/h2>\n\n\n\n<p class=\"pl-0\">intombi bedeutet auf der s\u00fcdafrikanischen Sprache Xhosa &#8220;M\u00e4dchen&#8221;. Am 29. November 2009 wurde intombi e. V. in H\u00fcrth gegr\u00fcndet. Die Idee zur Gr\u00fcndung ist durch das soziale Engagement der Vorstandsvorsitzenden, Alexandra Potratz, in einem Heim f\u00fcr M\u00e4dchen in S\u00fcdafrika und in einer M\u00e4dchengruppe in Deutschland entstanden. Durch die Arbeit mit den M\u00e4dchen in den verschiedenen L\u00e4ndern, wurde ihr bewusst: M\u00e4dchen haben h\u00e4ufig ein gro\u00dfes, nicht ausreichend gef\u00f6rdertes Potential, etwas zu bewirken &#8211; f\u00fcr sich selbst und f\u00fcr andere. Neben einzelnen Projekten in den vergangenen Jahren in Togo, Ecuador und Indien haben wir langfristig M\u00e4dchengruppe in S\u00fcdafrika, Ruanda und Deutschland aufgebaut.<\/p>\n<\/div><figure class=\"wp-block-media-text__media\"><img loading=\"lazy\" decoding=\"async\" width=\"1024\" height=\"768\" src=\"https:\/\/intombi.de\/wp-content\/uploads\/2019\/07\/13H-letzte-Seite-2-1024x768.jpg\" alt=\"\" class=\"wp-image-3955 size-full\" srcset=\"https:\/\/intombi.de\/wp-content\/uploads\/2019\/07\/13H-letzte-Seite-2-1024x768.jpg 1024w, https:\/\/intombi.de\/wp-content\/uploads\/2019\/07\/13H-letzte-Seite-2-300x225.jpg 300w, https:\/\/intombi.de\/wp-content\/uploads\/2019\/07\/13H-letzte-Seite-2-768x576.jpg 768w\" sizes=\"auto, (max-width: 1024px) 100vw, 1024px\" \/><\/figure><\/div>\n\n<div id=\"partner\" class=\"anchor-offset\"><\/div>\r\n\n<div class=\"wp-block-cgb-block-partner container my-5 py-5\"><div class=\"row\"><div class=\"col-12\"><h2 class=\"text-tertiary my-5\">Unsere Partner<\/h2><\/div><\/div><div class=\"row\">\n<div class=\"wp-block-cgb-block-partner-logo col-12 col-md-4 mb-4 d-flex my-auto p-3 justify-content-center\"><a href=\"https:\/\/www.engagiert-in-nrw.de\/\"><img decoding=\"async\" src=\"https:\/\/intombi.de\/wp-content\/uploads\/2019\/04\/engagiert.png\" class=\"img-fluid\"\/><\/a><\/div>\r\n\n\n\n<div class=\"wp-block-cgb-block-partner-logo col-12 col-md-4 mb-4 d-flex my-auto p-3 justify-content-center\"><a href=\"https:\/\/www.katho-nrw.de\/katho-nrw\/\"><img decoding=\"async\" src=\"https:\/\/intombi.de\/wp-content\/uploads\/2019\/04\/katho.png\" class=\"img-fluid\"\/><\/a><\/div>\r\n\n\n\n<div class=\"wp-block-cgb-block-partner-logo col-12 col-md-4 mb-4 d-flex my-auto p-3 justify-content-center\"><a href=\"https:\/\/www.engagement-global.de\/\"><img decoding=\"async\" src=\"https:\/\/intombi.de\/wp-content\/uploads\/2019\/04\/logo_eg.png\" class=\"img-fluid\"\/><\/a><\/div>\r\n\n\n\n<div class=\"wp-block-cgb-block-partner-logo col-12 col-md-4 mb-4 d-flex my-auto p-3 justify-content-center\"><a href=\"https:\/\/www.startplatz.de\/\"><img decoding=\"async\" src=\"https:\/\/intombi.de\/wp-content\/uploads\/2019\/04\/startplatz.jpg\" class=\"img-fluid\"\/><\/a><\/div>\r\n<\/div><\/div>\n\t<div class=\"container my-5 py-5\" id=\"press\">\n\t\t<div class=\"row\">\n\t\t\t<div class=\"col-12\">\n\t\t\t\t<h2 class=\"text-tertiary my-5\">Presse<\/h2>\n\t\t\t<\/div>\n\t\t<\/div>\n\t\t<div class=\"row\">\n\t<div class=\"col-md-6 mb-5\">\n\t<div class=\"shadow p-5\">\n\t\t<ul class=\"list-unstyled list-inline\">\n\t\t\t<li class=\"list-inline-item\">10.07.2025<\/li>\n\t\t\t<li class=\"list-inline-item\">Presse<\/li>\n\t\t<\/ul>\n\t<h2><a href=\"https:\/\/intombi.de\/en\/blog\/presse\/startplatz-erfolgsgeschichte-wie-intombi-e-v-weltweit-maedchen-unterstuetztstartplatz-blog\/\">STARTPLATZ Erfolgsgeschichte: Wie intombi weltweit M\u00e4dchen unterst\u00fctzt<\/a><\/h2>\n\t<p>STARTPLATZ Erfolgsgeschichte: intombi e.V. gibt M\u00e4dchen weltweit eine Stimme \ud83d\udcaa Das Startup Hub STARTPLATZ aus K\u00f6ln stellt die inspirierende Erfolgsgeschichte aus der eigenen STARTPLATZ-Community vor:\u00a0intombi e.V.\u00a0\u2013 ein Social Startup, das sich seit 15 Jahren mit Herz und Tatkraft f\u00fcr M\u00e4dchen und junge Frauen weltweit einsetzt. Im Interview mit Gr\u00fcnderin\u00a0Alexandra Potratz, ehemals selbst Teil des STARTPLATZ, &hellip; <a href=\"https:\/\/intombi.de\/en\/intombi\/\">Continued<\/a><\/p>\n\t<\/div>\n<\/div>\n<div class=\"col-md-6 mb-5\">\n\t<div class=\"shadow p-5\">\n\t\t<ul class=\"list-unstyled list-inline\">\n\t\t\t<li class=\"list-inline-item\">20.03.2025<\/li>\n\t\t\t<li class=\"list-inline-item\">Presse<\/li>\n\t\t<\/ul>\n\t<h2><a href=\"https:\/\/intombi.de\/en\/blog\/presse\/macherinnen-award-intombi-gruenderin-alexandra-potratz-unter-top-3\/\">Macherinnen Award: intombi-Gr\u00fcnderin Alexandra Potratz unter Top 3<\/a><\/h2>\n\t<p>\ud83d\ude80 Macherinnen Award 2025 \u2013 Unsere Finalistin: Alexandra Potratz \ud83d\ude80&nbsp; \u2728 Der Macherinnen Award 2025 feiert Frauen, die mit ihrer Vision, ihrem Mut und ihrer Innovationskraft unsere Gesellschaft und Wirtschaft aktiv mitgestalten. Eine der drei Finalistinnen in der Kategorie Social Impact ist Alexandra Potratz, Gr\u00fcnderin und Vorstandsvorsitzende bei intombi e.V. Alexandra hat es mit ihrer &hellip; <a href=\"https:\/\/intombi.de\/en\/intombi\/\">Continued<\/a><\/p>\n\t<\/div>\n<\/div>\n<div class=\"col-md-6 mb-5\">\n\t<div class=\"shadow p-5\">\n\t\t<ul class=\"list-unstyled list-inline\">\n\t\t\t<li class=\"list-inline-item\">29.11.2024<\/li>\n\t\t\t<li class=\"list-inline-item\">Presse<\/li>\n\t\t<\/ul>\n\t<h2><a href=\"https:\/\/intombi.de\/en\/blog\/presse\/intombi-feiert-15-jaehriges-jubilaeum\/\">intombi feiert 15-j\u00e4hriges Jubil\u00e4um<\/a><\/h2>\n\t<p>Happy Birthday intombi. Heute wird intombi e.V. 15 Jahre alt. \ud83e\udd73 Das intombi Team ist stolz auf alle Projekte, die in dem vergangenen Jahren umgesetzt wurden. Das Ziel, M\u00e4dchen und junge Frauen zu unterst\u00fctzen und die Welt f\u00fcr und vor allem mit M\u00e4dchen zu verbessern, hat sich kein bisschen ver\u00e4ndert. Im Gegenteil: Der Bedarf steigt &hellip; <a href=\"https:\/\/intombi.de\/en\/intombi\/\">Continued<\/a><\/p>\n\t<\/div>\n<\/div>\n<div class=\"col-md-6 mb-5\">\n\t<div class=\"shadow p-5\">\n\t\t<ul class=\"list-unstyled list-inline\">\n\t\t\t<li class=\"list-inline-item\">09.04.2021<\/li>\n\t\t\t<li class=\"list-inline-item\">Presse<\/li>\n\t\t<\/ul>\n\t<h2><a href=\"https:\/\/intombi.de\/en\/blog\/presse\/abiturientinnen-in-der-pandemie-landesministerin-scharrenbach-geht-ins-gespraech\/\">Abiturientinnen in der Pandemie \u2013 Landesministerin Scharrenbach geht ins Gespr\u00e4ch<\/a><\/h2>\n\t<p>Am Dienstag, den 30. M\u00e4rz kam das intombi-Team mit Ministerin Ina Scharrenbach, Ministerin f\u00fcr Heimat, Kommunales, Bau und Gleichstellung in NRW, ins Gespr\u00e4ch: Wie k\u00f6nnen wir unser &#8220;Girls for Girls&#8221;-Online Magazin weiter wachsen lassen, um junge Frauen in ganz NRW zu unterst\u00fctzen &#8211; w\u00e4hrend Corona und danach? Diese und weitere spannenden Fragen haben wir mit &hellip; <a href=\"https:\/\/intombi.de\/en\/intombi\/\">Continued<\/a><\/p>\n\t<\/div>\n<\/div>\n\t\t\t<div class=\"col-12 col-md-6 col-lg-4\">\n\t\t\t\t<a class=\"btn btn-secondary-contrast text-secondary btn-block text-uppercase rounded-0 p-5\" href=\"https:\/\/intombi.de\/en\/blog\/presse\/\">Mehr Mitteilungen<\/a>\n\t\t\t<\/div>\n\t\t<\/div>\n\t<\/div>\n\t\n<div id=\"transparency\" class=\"anchor-offset\"><\/div>\r\n\n<div class=\"wp-block-cgb-block-transparency container my-5 py-5\"><div class=\"row\"><div class=\"col-md-6\"><h2 class=\"text-tertiary my-5\">Transparenz<\/h2>\n<p>intombi e.V.<\/p>\n\n\n\n<ul class=\"wp-block-list\">\n<li>Headquarters: K\u00f6ln<\/li>\n\n\n\n<li>Adress: Ortshofstra\u00dfe 14, 50354 H\u00fcrth<\/li>\n\n\n\n<li>Founding year: 2009<\/li>\n<\/ul>\n\n\n\n<h3 class=\"wp-block-heading text-tertiary\">Angaben zur Steuerbeg\u00fcnstigung<\/h3>\n\n\n\n<p class=\"text--small\">Our work is to promote equality between women and men, development cooperation, promotion of international attitudes, education and vocational training) in accordance with the last exemption notice we received from the Br\u00fchl tax office (tax number 224\/5798\/2869) dated October 27th, 2022 Exempt from corporate and trade tax in 2020.<\/p>\n\n\n\n<h3 class=\"wp-block-heading text-tertiary\">Name and function of key decision makers<\/h3>\n\n\n\n<ul class=\"wp-block-list\">\n<li>CEO: Alexandra Potratz<\/li>\n\n\n\n<li>CHRO: Irene Fahrenholz<\/li>\n\n\n\n<li>CFO: Fabian Potratz<\/li>\n\n\n\n<li>CIO: Lukas Soellner<\/li>\n<\/ul>\n\n\n\n<h3 class=\"wp-block-heading text-tertiary\">Personnel structure<\/h3>\n\n\n\n<p class=\"text--small\">Four board members, around 50 members and another 50 volunteers shape the work of the association. intombi works with local cooperation partners on site and is always personally on site with intombi volunteers. A volunteer editorial team is dedicated to our Girls for Girls online magazine. The board&#8217;s work is carried out exclusively on a voluntary basis without remuneration.<\/p>\n\n\n\n<h3 class=\"wp-block-heading text-tertiary\">Corporate law connection with third parties<\/h3>\n\n\n\n<p class=\"text--small\">There is no legal connection with third parties.<\/p>\n\n\n\n<p>\u00a0<\/p>\n\n\n\n<div class=\"wp-block-cgb-block-row row\">\n<div class=\"wp-block-cgb-block-media-button col-md-6\"><a href=\"http:\/\/intombi.de\/wp-content\/uploads\/2019\/03\/20141123-Satzung_intombi.pdf\" class=\"btn btn-white rounded-0 px-5 d-block mb-3\"> Statute <\/a><\/div>\r\n\n\n\n<div class=\"wp-block-cgb-block-media-button col-md-6\"><a href=\"https:\/\/intombi.de\/wp-content\/uploads\/2023\/04\/20220830-Update-2022-4-1.pdf\" class=\"btn btn-white rounded-0 d-block mb-3\">Activity report<\/a><\/div>\r\n<\/div>\n<\/div><div class=\"col-md-4 offset-md-2 d-none d-md-flex justify-content-center align-items-center\"><div class=\"bubble\"><div class=\"d-flex justify-content-center align-items-center\"><img decoding=\"async\" src=\"https:\/\/intombi.de\/wp-content\/uploads\/2019\/04\/engagement_des_monats_dezember19.svg\" class=\"img-fluid w-50\"\/><\/div><\/div><\/div><\/div><\/div>\n","protected":false},"excerpt":{"rendered":"<p>Our Philosophy Jobs There is currently no position advertised. Unsere Geschichte intombi bedeutet auf der s\u00fcdafrikanischen Sprache Xhosa &#8220;M\u00e4dchen&#8221;. Am 29. November 2009 wurde intombi e. V. in H\u00fcrth gegr\u00fcndet. Die Idee zur Gr\u00fcndung ist durch das soziale Engagement der Vorstandsvorsitzenden, Alexandra Potratz, in einem Heim f\u00fcr M\u00e4dchen in S\u00fcdafrika und in einer M\u00e4dchengruppe in &hellip; <a href=\"https:\/\/intombi.de\/en\/intombi\/\">Continued<\/a><\/p>\n","protected":false},"author":15,"featured_media":0,"parent":0,"menu_order":0,"comment_status":"closed","ping_status":"closed","template":"views\/template-plain.blade.php","meta":{"_acf_changed":false,"footnotes":""},"class_list":["post-1481","page","type-page","status-publish","hentry"],"acf":[],"yoast_head":"<!-- This site is optimized with the Yoast SEO plugin v27.5 - https:\/\/yoast.com\/product\/yoast-seo-wordpress\/ -->\n<title>For girls worldwide - intombi<\/title>\n<meta name=\"description\" content=\"Exchanging ideas, learning from each other, supporting each other and creating opportunities for a successful future \u2013 this is where we support girls around the world. Our work for and especially with girls is personal and participatory.\" \/>\n<meta name=\"robots\" content=\"index, follow, max-snippet:-1, max-image-preview:large, max-video-preview:-1\" \/>\n<link rel=\"canonical\" href=\"https:\/\/intombi.de\/en\/intombi\/\" \/>\n<meta property=\"og:locale\" content=\"en_US\" \/>\n<meta property=\"og:type\" content=\"article\" \/>\n<meta property=\"og:title\" content=\"For girls worldwide - intombi\" \/>\n<meta property=\"og:description\" content=\"Exchanging ideas, learning from each other, supporting each other and creating opportunities for a successful future \u2013 this is where we support girls around the world. Our work for and especially with girls is personal and participatory.\" \/>\n<meta property=\"og:url\" content=\"https:\/\/intombi.de\/en\/intombi\/\" \/>\n<meta property=\"og:site_name\" content=\"intombi\" \/>\n<meta property=\"article:publisher\" content=\"https:\/\/www.facebook.com\/intombiforgirls\/\" \/>\n<meta property=\"article:modified_time\" content=\"2024-02-28T12:29:13+00:00\" \/>\n<meta property=\"og:image\" content=\"https:\/\/intombi.de\/wp-content\/uploads\/2019\/04\/slider-2.jpg\" \/>\n<meta name=\"twitter:card\" content=\"summary_large_image\" \/>\n<meta name=\"twitter:site\" content=\"@intombiforgirls\" \/>\n<meta name=\"twitter:label1\" content=\"Est. reading time\" \/>\n\t<meta name=\"twitter:data1\" content=\"5 minutes\" \/>\n<script type=\"application\/ld+json\" class=\"yoast-schema-graph\">{\"@context\":\"https:\\\/\\\/schema.org\",\"@graph\":[{\"@type\":\"WebPage\",\"@id\":\"https:\\\/\\\/intombi.de\\\/en\\\/intombi\\\/\",\"url\":\"https:\\\/\\\/intombi.de\\\/en\\\/intombi\\\/\",\"name\":\"For girls worldwide - intombi\",\"isPartOf\":{\"@id\":\"https:\\\/\\\/intombi.de\\\/#website\"},\"primaryImageOfPage\":{\"@id\":\"https:\\\/\\\/intombi.de\\\/en\\\/intombi\\\/#primaryimage\"},\"image\":{\"@id\":\"https:\\\/\\\/intombi.de\\\/en\\\/intombi\\\/#primaryimage\"},\"thumbnailUrl\":\"https:\\\/\\\/intombi.de\\\/wp-content\\\/uploads\\\/2019\\\/04\\\/slider-2.jpg\",\"datePublished\":\"2019-04-09T16:51:15+00:00\",\"dateModified\":\"2024-02-28T12:29:13+00:00\",\"description\":\"Exchanging ideas, learning from each other, supporting each other and creating opportunities for a successful future \u2013 this is where we support girls around the world. Our work for and especially with girls is personal and participatory.\",\"breadcrumb\":{\"@id\":\"https:\\\/\\\/intombi.de\\\/en\\\/intombi\\\/#breadcrumb\"},\"inLanguage\":\"en-US\",\"potentialAction\":[{\"@type\":\"ReadAction\",\"target\":[\"https:\\\/\\\/intombi.de\\\/en\\\/intombi\\\/\"]}]},{\"@type\":\"ImageObject\",\"inLanguage\":\"en-US\",\"@id\":\"https:\\\/\\\/intombi.de\\\/en\\\/intombi\\\/#primaryimage\",\"url\":\"https:\\\/\\\/intombi.de\\\/wp-content\\\/uploads\\\/2019\\\/04\\\/slider-2.jpg\",\"contentUrl\":\"https:\\\/\\\/intombi.de\\\/wp-content\\\/uploads\\\/2019\\\/04\\\/slider-2.jpg\"},{\"@type\":\"BreadcrumbList\",\"@id\":\"https:\\\/\\\/intombi.de\\\/en\\\/intombi\\\/#breadcrumb\",\"itemListElement\":[{\"@type\":\"ListItem\",\"position\":1,\"name\":\"Startseite\",\"item\":\"https:\\\/\\\/intombi.de\\\/en\\\/\"},{\"@type\":\"ListItem\",\"position\":2,\"name\":\"For girls worldwide\"}]},{\"@type\":\"WebSite\",\"@id\":\"https:\\\/\\\/intombi.de\\\/#website\",\"url\":\"https:\\\/\\\/intombi.de\\\/\",\"name\":\"intombi\",\"description\":\"for girls worldwide\",\"potentialAction\":[{\"@type\":\"SearchAction\",\"target\":{\"@type\":\"EntryPoint\",\"urlTemplate\":\"https:\\\/\\\/intombi.de\\\/?s={search_term_string}\"},\"query-input\":{\"@type\":\"PropertyValueSpecification\",\"valueRequired\":true,\"valueName\":\"search_term_string\"}}],\"inLanguage\":\"en-US\"}]}<\/script>\n<!-- \/ Yoast SEO plugin. -->","yoast_head_json":{"title":"For girls worldwide - intombi","description":"Exchanging ideas, learning from each other, supporting each other and creating opportunities for a successful future \u2013 this is where we support girls around the world. Our work for and especially with girls is personal and participatory.","robots":{"index":"index","follow":"follow","max-snippet":"max-snippet:-1","max-image-preview":"max-image-preview:large","max-video-preview":"max-video-preview:-1"},"canonical":"https:\/\/intombi.de\/en\/intombi\/","og_locale":"en_US","og_type":"article","og_title":"For girls worldwide - intombi","og_description":"Exchanging ideas, learning from each other, supporting each other and creating opportunities for a successful future \u2013 this is where we support girls around the world. Our work for and especially with girls is personal and participatory.","og_url":"https:\/\/intombi.de\/en\/intombi\/","og_site_name":"intombi","article_publisher":"https:\/\/www.facebook.com\/intombiforgirls\/","article_modified_time":"2024-02-28T12:29:13+00:00","og_image":[{"url":"https:\/\/intombi.de\/wp-content\/uploads\/2019\/04\/slider-2.jpg","type":"","width":"","height":""}],"twitter_card":"summary_large_image","twitter_site":"@intombiforgirls","twitter_misc":{"Est. reading time":"5 minutes"},"schema":{"@context":"https:\/\/schema.org","@graph":[{"@type":"WebPage","@id":"https:\/\/intombi.de\/en\/intombi\/","url":"https:\/\/intombi.de\/en\/intombi\/","name":"For girls worldwide - intombi","isPartOf":{"@id":"https:\/\/intombi.de\/#website"},"primaryImageOfPage":{"@id":"https:\/\/intombi.de\/en\/intombi\/#primaryimage"},"image":{"@id":"https:\/\/intombi.de\/en\/intombi\/#primaryimage"},"thumbnailUrl":"https:\/\/intombi.de\/wp-content\/uploads\/2019\/04\/slider-2.jpg","datePublished":"2019-04-09T16:51:15+00:00","dateModified":"2024-02-28T12:29:13+00:00","description":"Exchanging ideas, learning from each other, supporting each other and creating opportunities for a successful future \u2013 this is where we support girls around the world. Our work for and especially with girls is personal and participatory.","breadcrumb":{"@id":"https:\/\/intombi.de\/en\/intombi\/#breadcrumb"},"inLanguage":"en-US","potentialAction":[{"@type":"ReadAction","target":["https:\/\/intombi.de\/en\/intombi\/"]}]},{"@type":"ImageObject","inLanguage":"en-US","@id":"https:\/\/intombi.de\/en\/intombi\/#primaryimage","url":"https:\/\/intombi.de\/wp-content\/uploads\/2019\/04\/slider-2.jpg","contentUrl":"https:\/\/intombi.de\/wp-content\/uploads\/2019\/04\/slider-2.jpg"},{"@type":"BreadcrumbList","@id":"https:\/\/intombi.de\/en\/intombi\/#breadcrumb","itemListElement":[{"@type":"ListItem","position":1,"name":"Startseite","item":"https:\/\/intombi.de\/en\/"},{"@type":"ListItem","position":2,"name":"For girls worldwide"}]},{"@type":"WebSite","@id":"https:\/\/intombi.de\/#website","url":"https:\/\/intombi.de\/","name":"intombi","description":"for girls worldwide","potentialAction":[{"@type":"SearchAction","target":{"@type":"EntryPoint","urlTemplate":"https:\/\/intombi.de\/?s={search_term_string}"},"query-input":{"@type":"PropertyValueSpecification","valueRequired":true,"valueName":"search_term_string"}}],"inLanguage":"en-US"}]}},"_links":{"self":[{"href":"https:\/\/intombi.de\/en\/wp-json\/wp\/v2\/pages\/1481","targetHints":{"allow":["GET"]}}],"collection":[{"href":"https:\/\/intombi.de\/en\/wp-json\/wp\/v2\/pages"}],"about":[{"href":"https:\/\/intombi.de\/en\/wp-json\/wp\/v2\/types\/page"}],"author":[{"embeddable":true,"href":"https:\/\/intombi.de\/en\/wp-json\/wp\/v2\/users\/15"}],"replies":[{"embeddable":true,"href":"https:\/\/intombi.de\/en\/wp-json\/wp\/v2\/comments?post=1481"}],"version-history":[{"count":0,"href":"https:\/\/intombi.de\/en\/wp-json\/wp\/v2\/pages\/1481\/revisions"}],"wp:attachment":[{"href":"https:\/\/intombi.de\/en\/wp-json\/wp\/v2\/media?parent=1481"}],"curies":[{"name":"wp","href":"https:\/\/api.w.org\/{rel}","templated":true}]}}