{"id":1487,"date":"2019-04-09T17:56:44","date_gmt":"2019-04-09T15:56:44","guid":{"rendered":"http:\/\/intombi.de\/maedchengruppen\/"},"modified":"2025-11-03T14:32:42","modified_gmt":"2025-11-03T13:32:42","slug":"groups","status":"publish","type":"page","link":"https:\/\/intombi.de\/en\/groups\/","title":{"rendered":"Groups"},"content":{"rendered":"\n<div class=\"wp-block-cgb-block-group-header container py-5 my-5 text-secondary\" id=\"group-header\"><div class=\"row\"><div class=\"col-12 col-md-6 col-lg-5\"><h2 class=\"my-5\">intombi-girls worldwide<\/h2><p><strong>intombi f\u00f6rdert M\u00e4dchen<\/strong> &#8211; die intombi-girls. In S\u00fcdafrika, Ruanda &amp; Deutschland bekommen sie durch intombi Unterst\u00fctzung: Beim \u00dcbergang von der Schule in den Beruf, beim \u00dcbergang in ein selbstst\u00e4ndiges Leben.<br\/><br\/>Die M\u00e4dchen bekommen dazu von intombi Angebote vor Ort. Konkret verteilte intombi hunderte <strong>Ziegen-Stipendien in Ruanda<\/strong>, unterst\u00fctzt den Betrieb eines <strong>Heims f\u00fcr obdachlose M\u00e4dchen in S\u00fcdafrika <\/strong>seit 15 Jahren und setzt immer wieder <strong>Berufsorientierungs-Workshops <\/strong>an allen Schulformen in Deutschland um.<br\/><br\/>Alles wird im <strong>&#8220;Girls for Girls&#8221;-Online Magazin<\/strong> vereint: Digital finden die intombi-girls aus allen L\u00e4ndern im Online Magazin eine B\u00fchne, auf der sie gesehen und geh\u00f6rt werden. Au\u00dferdem finden sie hier einen Ort des Austauschs und der gegenseitigen Unterst\u00fctzung.<strong> Hier teilen junge Frauen ihre Geschichten<\/strong> und ermutigen einander &#8211; sowohl zur selbstbewussten Berufswahl als auch zum Engagement f\u00fcreinander. Die Leserinnen des Online Magazin k\u00f6nnen inzwischen Stadien f\u00fcllen. Gleichzeitig ber\u00fchren die individuellen Entwicklungen, die durch das Lesen des Magazins angesto\u00dfen wurden.<br\/><br\/><strong>Gutes bewirken f\u00fcr sich selbst und andere<\/strong> &#8211; daf\u00fcr steht intombi vor Ort und im digitalen Raum.<\/p><\/div><div class=\"col-12 col-md-6 col-lg-7\"><img decoding=\"async\" src=\"https:\/\/intombi.de\/wp-content\/uploads\/2019\/04\/intombi-maedchengruppe-oben.png\" alt=\"intombi-girls worldwide\" class=\"img-fluid\"\/><\/div><\/div><\/div>\n\n<div class=\"wp-block-columns container my-5 py-5 is-layout-flex wp-container-core-columns-is-layout-9d6595d7 wp-block-columns-is-layout-flex\">\n<div class=\"wp-block-column is-layout-flow wp-block-column-is-layout-flow\">\n<h2 class=\"wp-block-heading text-secondary\"><strong>So kannst du die intombi-girls unterst\u00fctzen<\/strong><\/h2>\n\n\n\n<p class=\"text-secondary\">Werde Mitglied im intombi-Freundeskreis und unterst\u00fctze die intombi-girls nachhaltig.<\/p>\n<\/div>\n<\/div>\n\n<div style=\"height:70px\" aria-hidden=\"true\" class=\"wp-block-spacer\"><\/div>\n\n<h2 class=\"wp-block-heading text-tertiary my-5 container\">Gruppen-Aktivit\u00e4ten<\/h2>\n\n<div class=\"wp-block-columns has-3-columns container my-5 py-5 is-layout-flex wp-container-core-columns-is-layout-9d6595d7 wp-block-columns-is-layout-flex\">\n<div class=\"wp-block-column is-layout-flow wp-block-column-is-layout-flow\">\n<div class=\"wp-block-cgb-block-content-column\" data-aos=\"fade-up\"><div class=\"row\"><div class=\"col-8 offset-2\"><div class=\"bubble\"><h3 class=\"text-secondary d-flex justify-content-center align-items-center text-center\">Workshops<\/h3><\/div><\/div><\/div><p>Bei unseren Workshops geht es darum, einerseits Zeit f\u00fcr sich zu haben und andererseits gemeinsam Spa\u00df zu haben. Durch den Austausch untereinander lernen Teilnehmerinnen voneinander und entwickeln sich selbst weiter. Dabei gibt es immer wieder spannende Einblicke in andere Kulturen und Lebenswelten anderer M\u00e4dchen. Hier kannst du eine gute Zeit haben, von der du etwas f\u00fcr dich mitnimmst!<\/p><\/div>\n<\/div>\n\n\n\n<div class=\"wp-block-column is-layout-flow wp-block-column-is-layout-flow\">\n<div class=\"wp-block-cgb-block-content-column\" data-aos=\"fade-up\"><div class=\"row\"><div class=\"col-8 offset-2\"><div class=\"bubble\"><h3 class=\"text-secondary d-flex justify-content-center align-items-center text-center\">Aktionen<\/h3><\/div><\/div><\/div><p>Der Einsatz von &#8220;M\u00e4dchen f\u00fcr M\u00e4dchen&#8221; wird bei unseren Aktionen gelebt. Engagement f\u00fcreinander kann ganz unterschiedlich aussehen: M\u00e4dchenrechte einfordern, Spenden f\u00fcr M\u00e4dchenprojekte sammeln, den &#8220;M\u00e4dchen f\u00fcr M\u00e4dchen&#8221;-Gedanken verbreiten. Wenn du dich f\u00fcr M\u00e4dchen einsetzen m\u00f6chtest, bist du hier richtig!<\/p><\/div>\n<\/div>\n\n\n\n<div class=\"wp-block-column is-layout-flow wp-block-column-is-layout-flow\">\n<div class=\"wp-block-cgb-block-content-column\" data-aos=\"fade-up\"><div class=\"row\"><div class=\"col-8 offset-2\"><div class=\"bubble\"><h3 class=\"text-secondary d-flex justify-content-center align-items-center text-center\">Bloggen<\/h3><\/div><\/div><\/div><p>Aus dem eigenen Leben erz\u00e4hlen, Erfahrungen teilen und sich selbst dabei reflektieren &#8211; all das wird durch das Bloggen m\u00f6glich. Dazu geh\u00f6rt: Eigene Blog-Postings schreiben, Fotos machen oder auch Interviews f\u00fchren. Du kannst mitmachen, passend zu deinen Interessen. Durch deinen Beitrag bewirkst du etwas f\u00fcr dich selbst und f\u00fcr andere!<\/p><\/div>\n<\/div>\n<\/div>\n\n<div class=\"wp-block-cgb-intombi-slider container-fluid bg-primary\"><div class=\"row\"><div id=\"intombiSlider\" class=\"carousel slide\" data-ride=\"carousel\"><ol class=\"carousel-indicators\"><li data-target=\"#intombiSlider\" data-slide-to=\"0\" class=\"active\"><\/li><li data-target=\"#intombiSlider\" data-slide-to=\"1\"><\/li><li data-target=\"#intombiSlider\" data-slide-to=\"2\"><\/li><\/ol><div class=\"carousel-inner\">\n<div class=\"wp-block-cgb-intombi-slider-image carousel-item\"><img decoding=\"async\" src=\"https:\/\/intombi.de\/wp-content\/uploads\/2019\/04\/slider-1.jpg\" class=\"d-block w-100\"\/><\/div>\n\n\n\n<div class=\"wp-block-cgb-intombi-slider-image carousel-item\"><img decoding=\"async\" src=\"https:\/\/intombi.de\/wp-content\/uploads\/2019\/04\/slider-2.jpg\" class=\"d-block w-100\"\/><\/div>\n\n\n\n<div class=\"wp-block-cgb-intombi-slider-image carousel-item\"><img decoding=\"async\" src=\"https:\/\/intombi.de\/wp-content\/uploads\/2019\/04\/slider-3.jpg\" class=\"d-block w-100\"\/><\/div>\n<\/div><a class=\"carousel-control-prev\" href=\"#intombiSlider\" role=\"button\" data-slide=\"prev\"><span class=\"carousel-control-prev-icon\" aria-hidden=\"true\"><\/span><span class=\"sr-only\">Previous<\/span><\/a><a class=\"carousel-control-next\" href=\"#intombiSlider\" role=\"button\" data-slide=\"next\"><span class=\"carousel-control-next-icon\" aria-hidden=\"true\"><\/span><span class=\"sr-only\">Next<\/span><\/a><\/div><\/div><\/div>\n\n<div class=\"wp-block-cgb-block-contact-7 container-fluid py-6 bg-secondary-contrast text-secondary\"><div class=\"row\"><div class=\"container\"><div class=\"row mb-4\"><div class=\"col-12 col-sm-6\"><h2 class=\"text-secondary\">Jetzt deine Blogger-Gruppe starten!<\/h2><\/div><div class=\"col-12 col-sm-6\"><p class=\"text-secondary\">Du m\u00f6chtest dich gerne mit anderen M\u00e4dchen zusammenschlie\u00dfen und gemeinsam an unserem Blog mitwirken? Dann melde dich bei uns und gr\u00fcnde deine eigene Blogger-Gruppe wie zum Beispiel die H\u00fcrther \u201eintombi-Gang\u201c. Erz\u00e4hl uns hier von deiner Idee, dann unterst\u00fctzen wir dich gerne dabei:<\/p><\/div><\/div>\n<div class=\"wpcf7 no-js\" id=\"wpcf7-f781-o1\" lang=\"de-DE\" dir=\"ltr\" data-wpcf7-id=\"781\">\n<div class=\"screen-reader-response\"><p role=\"status\" aria-live=\"polite\" aria-atomic=\"true\"><\/p> <ul><\/ul><\/div>\n<form action=\"\/en\/wp-json\/wp\/v2\/pages\/1487#wpcf7-f781-o1\" method=\"post\" class=\"wpcf7-form init\" aria-label=\"Kontaktformular\" novalidate=\"novalidate\" data-status=\"init\">\n<fieldset class=\"hidden-fields-container\"><input type=\"hidden\" name=\"_wpcf7\" value=\"781\" \/><input type=\"hidden\" name=\"_wpcf7_version\" value=\"6.1.4\" \/><input type=\"hidden\" name=\"_wpcf7_locale\" value=\"de_DE\" \/><input type=\"hidden\" name=\"_wpcf7_unit_tag\" value=\"wpcf7-f781-o1\" \/><input type=\"hidden\" name=\"_wpcf7_container_post\" value=\"0\" \/><input type=\"hidden\" name=\"_wpcf7_posted_data_hash\" value=\"\" \/>\n<\/fieldset>\n<div class=\"row\">\n\t<div class=\"col-12 col-sm-6\">\n\t\t<div class=\"form-row\">\n\t\t\t<div class=\"form-group col-md-6\">\n\t\t\t\t<p><span class=\"wpcf7-form-control-wrap\" data-name=\"your-name\"><input size=\"40\" maxlength=\"400\" class=\"wpcf7-form-control wpcf7-text wpcf7-validates-as-required btn btn-white w-100\" id=\"your-name\" aria-required=\"true\" aria-invalid=\"false\" placeholder=\"Dein Vorname\" value=\"\" type=\"text\" name=\"your-name\" \/><\/span>\n\t\t\t\t<\/p>\n\t\t\t<\/div>\n\t\t\t<div class=\"form-group col-md-6\">\n\t\t\t\t<p><span class=\"wpcf7-form-control-wrap\" data-name=\"your-surname\"><input size=\"40\" maxlength=\"400\" class=\"wpcf7-form-control wpcf7-text wpcf7-validates-as-required btn btn-white w-100\" id=\"your-surname\" aria-required=\"true\" aria-invalid=\"false\" placeholder=\"Dein Nachname\" value=\"\" type=\"text\" name=\"your-surname\" \/><\/span>\n\t\t\t\t<\/p>\n\t\t\t<\/div>\n\t\t<\/div>\n\t\t<div class=\"form-group\">\n\t\t\t<p><span class=\"wpcf7-form-control-wrap\" data-name=\"email-688\"><input size=\"40\" maxlength=\"400\" class=\"wpcf7-form-control wpcf7-email wpcf7-validates-as-required wpcf7-text wpcf7-validates-as-email btn btn-white w-100\" aria-required=\"true\" aria-invalid=\"false\" placeholder=\"E-Mail\" value=\"\" type=\"email\" name=\"email-688\" \/><\/span>\n\t\t\t<\/p>\n\t\t<\/div>\n\t\t<div class=\"form-group\">\n\t\t\t<p><span class=\"wpcf7-form-control-wrap\" data-name=\"acceptance-159\"><span class=\"wpcf7-form-control wpcf7-acceptance\"><span class=\"wpcf7-list-item\"><label><input type=\"checkbox\" name=\"acceptance-159\" value=\"1\" class=\"form-group\" aria-invalid=\"false\" \/><span class=\"wpcf7-list-item-label\">Ich bin mit den Datenschutzbestimmungen einverstanden.<\/span><\/label><\/span><\/span><\/span>\n\t\t\t<\/p>\n\t\t\t<p class=\"small\">Du kannst unsere <a href=\"https:\/\/intombi.de\/datenschutz\/\">Datenschutzbestimmungen hier nachlesen<\/a>.\n\t\t\t<\/p>\n\t\t<\/div>\n\t<\/div>\n\t<div class=\"col-12 col-sm-6\">\n\t\t<div class=\"form-group\">\n\t\t\t<p><span class=\"wpcf7-form-control-wrap\" data-name=\"textarea-145\"><textarea cols=\"40\" rows=\"10\" maxlength=\"2000\" class=\"wpcf7-form-control wpcf7-textarea form-control h-100\" aria-invalid=\"false\" placeholder=\"M\u00fcssen wir noch etwas zu deiner Gruppe wissen? Hast du Fragen an uns?\" name=\"textarea-145\"><\/textarea><\/span>\n\t\t\t<\/p>\n\t\t<\/div>\n\t<\/div>\n\t<div class=\"col-12\">\n\t\t<p><input class=\"wpcf7-form-control wpcf7-submit has-spinner btn btn-secondary float-right px-6\" type=\"submit\" value=\"Absenden\" \/>\n\t\t<\/p>\n\t<\/div>\n<\/div><div class=\"wpcf7-response-output\" aria-hidden=\"true\"><\/div>\n<\/form>\n<\/div>\n\n<\/div><\/div><\/div>\n","protected":false},"excerpt":{"rendered":"<p>So kannst du die intombi-girls unterst\u00fctzen Werde Mitglied im intombi-Freundeskreis und unterst\u00fctze die intombi-girls nachhaltig. Gruppen-Aktivit\u00e4ten<\/p>\n","protected":false},"author":15,"featured_media":0,"parent":0,"menu_order":0,"comment_status":"closed","ping_status":"closed","template":"views\/template-plain.blade.php","meta":{"_acf_changed":false,"footnotes":""},"class_list":["post-1487","page","type-page","status-publish","hentry"],"acf":[],"yoast_head":"<!-- This site is optimized with the Yoast SEO plugin v27.3 - https:\/\/yoast.com\/product\/yoast-seo-wordpress\/ -->\n<title>Groups - intombi<\/title>\n<meta name=\"robots\" content=\"index, follow, max-snippet:-1, max-image-preview:large, max-video-preview:-1\" \/>\n<link rel=\"canonical\" href=\"https:\/\/intombi.de\/en\/groups\/\" \/>\n<meta property=\"og:locale\" content=\"en_US\" \/>\n<meta property=\"og:type\" content=\"article\" \/>\n<meta property=\"og:title\" content=\"Groups - intombi\" \/>\n<meta property=\"og:description\" content=\"So kannst du die intombi-girls unterst\u00fctzen Werde Mitglied im intombi-Freundeskreis und unterst\u00fctze die intombi-girls nachhaltig. Gruppen-Aktivit\u00e4ten\" \/>\n<meta property=\"og:url\" content=\"https:\/\/intombi.de\/en\/groups\/\" \/>\n<meta property=\"og:site_name\" content=\"intombi\" \/>\n<meta property=\"article:publisher\" content=\"https:\/\/www.facebook.com\/intombiforgirls\/\" \/>\n<meta property=\"article:modified_time\" content=\"2025-11-03T13:32:42+00:00\" \/>\n<meta property=\"og:image\" content=\"http:\/\/intombi.de\/wp-content\/uploads\/2019\/04\/intombi-maedchengruppe-oben.png\" \/>\n<meta name=\"twitter:card\" content=\"summary_large_image\" \/>\n<meta name=\"twitter:site\" content=\"@intombiforgirls\" \/>\n<meta name=\"twitter:label1\" content=\"Est. reading time\" \/>\n\t<meta name=\"twitter:data1\" content=\"2 minutes\" \/>\n<script type=\"application\/ld+json\" class=\"yoast-schema-graph\">{\"@context\":\"https:\\\/\\\/schema.org\",\"@graph\":[{\"@type\":\"WebPage\",\"@id\":\"https:\\\/\\\/intombi.de\\\/en\\\/groups\\\/\",\"url\":\"https:\\\/\\\/intombi.de\\\/en\\\/groups\\\/\",\"name\":\"Groups - intombi\",\"isPartOf\":{\"@id\":\"https:\\\/\\\/intombi.de\\\/#website\"},\"primaryImageOfPage\":{\"@id\":\"https:\\\/\\\/intombi.de\\\/en\\\/groups\\\/#primaryimage\"},\"image\":{\"@id\":\"https:\\\/\\\/intombi.de\\\/en\\\/groups\\\/#primaryimage\"},\"thumbnailUrl\":\"http:\\\/\\\/intombi.de\\\/wp-content\\\/uploads\\\/2019\\\/04\\\/intombi-maedchengruppe-oben.png\",\"datePublished\":\"2019-04-09T15:56:44+00:00\",\"dateModified\":\"2025-11-03T13:32:42+00:00\",\"breadcrumb\":{\"@id\":\"https:\\\/\\\/intombi.de\\\/en\\\/groups\\\/#breadcrumb\"},\"inLanguage\":\"en-US\",\"potentialAction\":[{\"@type\":\"ReadAction\",\"target\":[\"https:\\\/\\\/intombi.de\\\/en\\\/groups\\\/\"]}]},{\"@type\":\"ImageObject\",\"inLanguage\":\"en-US\",\"@id\":\"https:\\\/\\\/intombi.de\\\/en\\\/groups\\\/#primaryimage\",\"url\":\"http:\\\/\\\/intombi.de\\\/wp-content\\\/uploads\\\/2019\\\/04\\\/intombi-maedchengruppe-oben.png\",\"contentUrl\":\"http:\\\/\\\/intombi.de\\\/wp-content\\\/uploads\\\/2019\\\/04\\\/intombi-maedchengruppe-oben.png\"},{\"@type\":\"BreadcrumbList\",\"@id\":\"https:\\\/\\\/intombi.de\\\/en\\\/groups\\\/#breadcrumb\",\"itemListElement\":[{\"@type\":\"ListItem\",\"position\":1,\"name\":\"Startseite\",\"item\":\"https:\\\/\\\/intombi.de\\\/en\\\/\"},{\"@type\":\"ListItem\",\"position\":2,\"name\":\"Groups\"}]},{\"@type\":\"WebSite\",\"@id\":\"https:\\\/\\\/intombi.de\\\/#website\",\"url\":\"https:\\\/\\\/intombi.de\\\/\",\"name\":\"intombi\",\"description\":\"for girls worldwide\",\"potentialAction\":[{\"@type\":\"SearchAction\",\"target\":{\"@type\":\"EntryPoint\",\"urlTemplate\":\"https:\\\/\\\/intombi.de\\\/?s={search_term_string}\"},\"query-input\":{\"@type\":\"PropertyValueSpecification\",\"valueRequired\":true,\"valueName\":\"search_term_string\"}}],\"inLanguage\":\"en-US\"}]}<\/script>\n<!-- \/ Yoast SEO plugin. -->","yoast_head_json":{"title":"Groups - intombi","robots":{"index":"index","follow":"follow","max-snippet":"max-snippet:-1","max-image-preview":"max-image-preview:large","max-video-preview":"max-video-preview:-1"},"canonical":"https:\/\/intombi.de\/en\/groups\/","og_locale":"en_US","og_type":"article","og_title":"Groups - intombi","og_description":"So kannst du die intombi-girls unterst\u00fctzen Werde Mitglied im intombi-Freundeskreis und unterst\u00fctze die intombi-girls nachhaltig. Gruppen-Aktivit\u00e4ten","og_url":"https:\/\/intombi.de\/en\/groups\/","og_site_name":"intombi","article_publisher":"https:\/\/www.facebook.com\/intombiforgirls\/","article_modified_time":"2025-11-03T13:32:42+00:00","og_image":[{"url":"http:\/\/intombi.de\/wp-content\/uploads\/2019\/04\/intombi-maedchengruppe-oben.png","type":"","width":"","height":""}],"twitter_card":"summary_large_image","twitter_site":"@intombiforgirls","twitter_misc":{"Est. reading time":"2 minutes"},"schema":{"@context":"https:\/\/schema.org","@graph":[{"@type":"WebPage","@id":"https:\/\/intombi.de\/en\/groups\/","url":"https:\/\/intombi.de\/en\/groups\/","name":"Groups - intombi","isPartOf":{"@id":"https:\/\/intombi.de\/#website"},"primaryImageOfPage":{"@id":"https:\/\/intombi.de\/en\/groups\/#primaryimage"},"image":{"@id":"https:\/\/intombi.de\/en\/groups\/#primaryimage"},"thumbnailUrl":"http:\/\/intombi.de\/wp-content\/uploads\/2019\/04\/intombi-maedchengruppe-oben.png","datePublished":"2019-04-09T15:56:44+00:00","dateModified":"2025-11-03T13:32:42+00:00","breadcrumb":{"@id":"https:\/\/intombi.de\/en\/groups\/#breadcrumb"},"inLanguage":"en-US","potentialAction":[{"@type":"ReadAction","target":["https:\/\/intombi.de\/en\/groups\/"]}]},{"@type":"ImageObject","inLanguage":"en-US","@id":"https:\/\/intombi.de\/en\/groups\/#primaryimage","url":"http:\/\/intombi.de\/wp-content\/uploads\/2019\/04\/intombi-maedchengruppe-oben.png","contentUrl":"http:\/\/intombi.de\/wp-content\/uploads\/2019\/04\/intombi-maedchengruppe-oben.png"},{"@type":"BreadcrumbList","@id":"https:\/\/intombi.de\/en\/groups\/#breadcrumb","itemListElement":[{"@type":"ListItem","position":1,"name":"Startseite","item":"https:\/\/intombi.de\/en\/"},{"@type":"ListItem","position":2,"name":"Groups"}]},{"@type":"WebSite","@id":"https:\/\/intombi.de\/#website","url":"https:\/\/intombi.de\/","name":"intombi","description":"for girls worldwide","potentialAction":[{"@type":"SearchAction","target":{"@type":"EntryPoint","urlTemplate":"https:\/\/intombi.de\/?s={search_term_string}"},"query-input":{"@type":"PropertyValueSpecification","valueRequired":true,"valueName":"search_term_string"}}],"inLanguage":"en-US"}]}},"_links":{"self":[{"href":"https:\/\/intombi.de\/en\/wp-json\/wp\/v2\/pages\/1487","targetHints":{"allow":["GET"]}}],"collection":[{"href":"https:\/\/intombi.de\/en\/wp-json\/wp\/v2\/pages"}],"about":[{"href":"https:\/\/intombi.de\/en\/wp-json\/wp\/v2\/types\/page"}],"author":[{"embeddable":true,"href":"https:\/\/intombi.de\/en\/wp-json\/wp\/v2\/users\/15"}],"replies":[{"embeddable":true,"href":"https:\/\/intombi.de\/en\/wp-json\/wp\/v2\/comments?post=1487"}],"version-history":[{"count":0,"href":"https:\/\/intombi.de\/en\/wp-json\/wp\/v2\/pages\/1487\/revisions"}],"wp:attachment":[{"href":"https:\/\/intombi.de\/en\/wp-json\/wp\/v2\/media?parent=1487"}],"curies":[{"name":"wp","href":"https:\/\/api.w.org\/{rel}","templated":true}]}}