{"id":1497,"date":"2019-04-09T18:44:41","date_gmt":"2019-04-09T16:44:41","guid":{"rendered":"http:\/\/intombi.de\/kontakt\/"},"modified":"2022-11-18T23:04:44","modified_gmt":"2022-11-18T22:04:44","slug":"contact","status":"publish","type":"page","link":"https:\/\/intombi.de\/en\/contact\/","title":{"rendered":"Contact"},"content":{"rendered":"\n<div id=\"contact-header\" class=\"wp-block-cgb-block-contact\"><div class=\"py-5 container text-secondary\"><h2 class=\"my-5\">Kontakt<\/h2><div class=\"row\"><div class=\"col-md-6 pr-md-5 mb-5\"><p class=\"text-secondary left-content\">Bei Fragen zu intombi e.V. und zu den Inhalten zu dieser Website stehen wir gerne zur Verf\u00fcgung.<br\/><br\/><strong>Unsere B\u00fcroadresse:<\/strong> <span class=\"Office address\"><br\/>Ortshofstra\u00dfe 14 <br\/>50354 H\u00fcrth.<\/span><\/p><p><strong>Tel.:<\/strong> <span class=\"telephone\">0221\/25971313<br\/><strong>Mobil:<\/strong> <span class=\"mobil\">\u202d0179\/1324669\u202c<br\/><\/span><br\/><strong>E-Mail:<\/strong> <a href=\"&#109;a&#105;l&#116;o&#x3a;i&#x6e;f&#x6f;&#64;&#x69;n&#x74;o&#x6d;b&#x69;&#46;&#x64;e\"><span class=\"email\">i&#110;&#x66;&#x6f;&#x40;i&#110;&#116;&#x6f;&#x6d;b&#105;&#46;&#x64;&#x65;<\/span><\/a><\/span><\/p><br\/><strong>www.intombi.de<\/strong><br\/><strong>Instagram:<\/strong> <a href=\"@intombiforgirls\"><span class=\"email\">@intombiforgirls<\/span>\n\n<\/a><\/div><div class=\"col-md-6\"><img decoding=\"async\" src=\"https:\/\/intombi.de\/wp-content\/uploads\/2019\/06\/MG_7111-Kopie.jpg\" class=\"img-fluid\"\/><\/div><\/div><\/div><\/div>\n\n","protected":false},"excerpt":{"rendered":"<p>Kontakt Bei Fragen zu intombi e.V. und zu den Inhalten zu dieser Website stehen wir gerne zur Verf\u00fcgung. Unsere B\u00fcroadresse: Ortshofstra\u00dfe 14 50354 H\u00fcrth. Tel.: 0221\/25971313Mobil: \u202d0179\/1324669\u202cE-Mail: in&#102;&#111;&#64;&#x69;&#x6e;&#x74;&#x6f;mb&#105;&#46;&#100;&#x65; www.intombi.deInstagram: @intombiforgirls<\/p>\n","protected":false},"author":15,"featured_media":0,"parent":0,"menu_order":0,"comment_status":"closed","ping_status":"closed","template":"views\/template-plain.blade.php","meta":{"_acf_changed":false,"footnotes":""},"class_list":["post-1497","page","type-page","status-publish","hentry"],"acf":[],"yoast_head":"<!-- This site is optimized with the Yoast SEO plugin v27.4 - https:\/\/yoast.com\/product\/yoast-seo-wordpress\/ -->\n<title>Contact - intombi<\/title>\n<meta name=\"robots\" content=\"index, follow, max-snippet:-1, max-image-preview:large, max-video-preview:-1\" \/>\n<link rel=\"canonical\" href=\"https:\/\/intombi.de\/en\/contact\/\" \/>\n<meta property=\"og:locale\" content=\"en_US\" \/>\n<meta property=\"og:type\" content=\"article\" \/>\n<meta property=\"og:title\" content=\"Contact - intombi\" \/>\n<meta property=\"og:description\" content=\"Kontakt Bei Fragen zu intombi e.V. und zu den Inhalten zu dieser Website stehen wir gerne zur Verf\u00fcgung. Unsere B\u00fcroadresse: Ortshofstra\u00dfe 14 50354 H\u00fcrth. Tel.: 0221\/25971313Mobil: \u202d0179\/1324669\u202cE-Mail: i&#110;&#x66;&#x6f;&#064;&#105;&#110;&#x74;&#x6f;m&#098;&#105;&#x2e;&#x64;e www.intombi.deInstagram: @intombiforgirls\" \/>\n<meta property=\"og:url\" content=\"https:\/\/intombi.de\/en\/contact\/\" \/>\n<meta property=\"og:site_name\" content=\"intombi\" \/>\n<meta property=\"article:publisher\" content=\"https:\/\/www.facebook.com\/intombiforgirls\/\" \/>\n<meta property=\"article:modified_time\" content=\"2022-11-18T22:04:44+00:00\" \/>\n<meta property=\"og:image\" content=\"https:\/\/intombi.de\/wp-content\/uploads\/2019\/06\/MG_7111-Kopie.jpg\" \/>\n<meta name=\"twitter:card\" content=\"summary_large_image\" \/>\n<meta name=\"twitter:site\" content=\"@intombiforgirls\" \/>\n<script type=\"application\/ld+json\" class=\"yoast-schema-graph\">{\"@context\":\"https:\\\/\\\/schema.org\",\"@graph\":[{\"@type\":\"WebPage\",\"@id\":\"https:\\\/\\\/intombi.de\\\/en\\\/contact\\\/\",\"url\":\"https:\\\/\\\/intombi.de\\\/en\\\/contact\\\/\",\"name\":\"Contact - intombi\",\"isPartOf\":{\"@id\":\"https:\\\/\\\/intombi.de\\\/#website\"},\"primaryImageOfPage\":{\"@id\":\"https:\\\/\\\/intombi.de\\\/en\\\/contact\\\/#primaryimage\"},\"image\":{\"@id\":\"https:\\\/\\\/intombi.de\\\/en\\\/contact\\\/#primaryimage\"},\"thumbnailUrl\":\"https:\\\/\\\/intombi.de\\\/wp-content\\\/uploads\\\/2019\\\/06\\\/MG_7111-Kopie.jpg\",\"datePublished\":\"2019-04-09T16:44:41+00:00\",\"dateModified\":\"2022-11-18T22:04:44+00:00\",\"breadcrumb\":{\"@id\":\"https:\\\/\\\/intombi.de\\\/en\\\/contact\\\/#breadcrumb\"},\"inLanguage\":\"en-US\",\"potentialAction\":[{\"@type\":\"ReadAction\",\"target\":[\"https:\\\/\\\/intombi.de\\\/en\\\/contact\\\/\"]}]},{\"@type\":\"ImageObject\",\"inLanguage\":\"en-US\",\"@id\":\"https:\\\/\\\/intombi.de\\\/en\\\/contact\\\/#primaryimage\",\"url\":\"https:\\\/\\\/intombi.de\\\/wp-content\\\/uploads\\\/2019\\\/06\\\/MG_7111-Kopie.jpg\",\"contentUrl\":\"https:\\\/\\\/intombi.de\\\/wp-content\\\/uploads\\\/2019\\\/06\\\/MG_7111-Kopie.jpg\"},{\"@type\":\"BreadcrumbList\",\"@id\":\"https:\\\/\\\/intombi.de\\\/en\\\/contact\\\/#breadcrumb\",\"itemListElement\":[{\"@type\":\"ListItem\",\"position\":1,\"name\":\"Startseite\",\"item\":\"https:\\\/\\\/intombi.de\\\/en\\\/\"},{\"@type\":\"ListItem\",\"position\":2,\"name\":\"Contact\"}]},{\"@type\":\"WebSite\",\"@id\":\"https:\\\/\\\/intombi.de\\\/#website\",\"url\":\"https:\\\/\\\/intombi.de\\\/\",\"name\":\"intombi\",\"description\":\"for girls worldwide\",\"potentialAction\":[{\"@type\":\"SearchAction\",\"target\":{\"@type\":\"EntryPoint\",\"urlTemplate\":\"https:\\\/\\\/intombi.de\\\/?s={search_term_string}\"},\"query-input\":{\"@type\":\"PropertyValueSpecification\",\"valueRequired\":true,\"valueName\":\"search_term_string\"}}],\"inLanguage\":\"en-US\"}]}<\/script>\n<!-- \/ Yoast SEO plugin. -->","yoast_head_json":{"title":"Contact - intombi","robots":{"index":"index","follow":"follow","max-snippet":"max-snippet:-1","max-image-preview":"max-image-preview:large","max-video-preview":"max-video-preview:-1"},"canonical":"https:\/\/intombi.de\/en\/contact\/","og_locale":"en_US","og_type":"article","og_title":"Contact - intombi","og_description":"Kontakt Bei Fragen zu intombi e.V. und zu den Inhalten zu dieser Website stehen wir gerne zur Verf\u00fcgung. Unsere B\u00fcroadresse: Ortshofstra\u00dfe 14 50354 H\u00fcrth. Tel.: 0221\/25971313Mobil: \u202d0179\/1324669\u202cE-Mail: i&#110;&#x66;&#x6f;&#64;&#105;&#110;&#x74;&#x6f;m&#98;&#105;&#x2e;&#x64;e www.intombi.deInstagram: @intombiforgirls","og_url":"https:\/\/intombi.de\/en\/contact\/","og_site_name":"intombi","article_publisher":"https:\/\/www.facebook.com\/intombiforgirls\/","article_modified_time":"2022-11-18T22:04:44+00:00","og_image":[{"url":"https:\/\/intombi.de\/wp-content\/uploads\/2019\/06\/MG_7111-Kopie.jpg","type":"","width":"","height":""}],"twitter_card":"summary_large_image","twitter_site":"@intombiforgirls","schema":{"@context":"https:\/\/schema.org","@graph":[{"@type":"WebPage","@id":"https:\/\/intombi.de\/en\/contact\/","url":"https:\/\/intombi.de\/en\/contact\/","name":"Contact - intombi","isPartOf":{"@id":"https:\/\/intombi.de\/#website"},"primaryImageOfPage":{"@id":"https:\/\/intombi.de\/en\/contact\/#primaryimage"},"image":{"@id":"https:\/\/intombi.de\/en\/contact\/#primaryimage"},"thumbnailUrl":"https:\/\/intombi.de\/wp-content\/uploads\/2019\/06\/MG_7111-Kopie.jpg","datePublished":"2019-04-09T16:44:41+00:00","dateModified":"2022-11-18T22:04:44+00:00","breadcrumb":{"@id":"https:\/\/intombi.de\/en\/contact\/#breadcrumb"},"inLanguage":"en-US","potentialAction":[{"@type":"ReadAction","target":["https:\/\/intombi.de\/en\/contact\/"]}]},{"@type":"ImageObject","inLanguage":"en-US","@id":"https:\/\/intombi.de\/en\/contact\/#primaryimage","url":"https:\/\/intombi.de\/wp-content\/uploads\/2019\/06\/MG_7111-Kopie.jpg","contentUrl":"https:\/\/intombi.de\/wp-content\/uploads\/2019\/06\/MG_7111-Kopie.jpg"},{"@type":"BreadcrumbList","@id":"https:\/\/intombi.de\/en\/contact\/#breadcrumb","itemListElement":[{"@type":"ListItem","position":1,"name":"Startseite","item":"https:\/\/intombi.de\/en\/"},{"@type":"ListItem","position":2,"name":"Contact"}]},{"@type":"WebSite","@id":"https:\/\/intombi.de\/#website","url":"https:\/\/intombi.de\/","name":"intombi","description":"for girls worldwide","potentialAction":[{"@type":"SearchAction","target":{"@type":"EntryPoint","urlTemplate":"https:\/\/intombi.de\/?s={search_term_string}"},"query-input":{"@type":"PropertyValueSpecification","valueRequired":true,"valueName":"search_term_string"}}],"inLanguage":"en-US"}]}},"_links":{"self":[{"href":"https:\/\/intombi.de\/en\/wp-json\/wp\/v2\/pages\/1497","targetHints":{"allow":["GET"]}}],"collection":[{"href":"https:\/\/intombi.de\/en\/wp-json\/wp\/v2\/pages"}],"about":[{"href":"https:\/\/intombi.de\/en\/wp-json\/wp\/v2\/types\/page"}],"author":[{"embeddable":true,"href":"https:\/\/intombi.de\/en\/wp-json\/wp\/v2\/users\/15"}],"replies":[{"embeddable":true,"href":"https:\/\/intombi.de\/en\/wp-json\/wp\/v2\/comments?post=1497"}],"version-history":[{"count":0,"href":"https:\/\/intombi.de\/en\/wp-json\/wp\/v2\/pages\/1497\/revisions"}],"wp:attachment":[{"href":"https:\/\/intombi.de\/en\/wp-json\/wp\/v2\/media?parent=1497"}],"curies":[{"name":"wp","href":"https:\/\/api.w.org\/{rel}","templated":true}]}}