{"id":29138,"date":"2024-01-16T19:22:31","date_gmt":"2024-01-16T18:22:31","guid":{"rendered":"https:\/\/intombi.de\/maedchen-fuer-maedchen\/"},"modified":"2024-01-20T10:37:28","modified_gmt":"2024-01-20T09:37:28","slug":"maedchen-fuer-maedchen","status":"publish","type":"page","link":"https:\/\/intombi.de\/uk\/","title":{"rendered":"M\u00e4dchen f\u00fcr M\u00e4dchen"},"content":{"rendered":"\n<div class=\"wp-block-cover is-light\"><span aria-hidden=\"true\" class=\"wp-block-cover__background has-background-dim-0 has-background-dim\"><\/span><img loading=\"lazy\" decoding=\"async\" width=\"2560\" height=\"1707\" class=\"wp-block-cover__image-background wp-image-21145\" alt=\"\" src=\"https:\/\/intombi.de\/wp-content\/uploads\/2021\/11\/Foto-10-scaled.jpg\" style=\"object-position:49% 24%\" data-object-fit=\"cover\" data-object-position=\"49% 24%\" srcset=\"https:\/\/intombi.de\/wp-content\/uploads\/2021\/11\/Foto-10-scaled.jpg 2560w, https:\/\/intombi.de\/wp-content\/uploads\/2021\/11\/Foto-10-300x200.jpg 300w, https:\/\/intombi.de\/wp-content\/uploads\/2021\/11\/Foto-10-1024x683.jpg 1024w, https:\/\/intombi.de\/wp-content\/uploads\/2021\/11\/Foto-10-768x512.jpg 768w, https:\/\/intombi.de\/wp-content\/uploads\/2021\/11\/Foto-10-1536x1024.jpg 1536w, https:\/\/intombi.de\/wp-content\/uploads\/2021\/11\/Foto-10-2048x1365.jpg 2048w\" sizes=\"auto, (max-width: 2560px) 100vw, 2560px\" \/><div class=\"wp-block-cover__inner-container is-layout-flow wp-block-cover-is-layout-flow\">\n<p class=\"has-text-align-center has-large-font-size\"><\/p>\n<\/div><\/div>\n\n\n\n<div class=\"wp-block-cover is-light\"><span aria-hidden=\"true\" class=\"wp-block-cover__background has-background-dim-100 has-background-dim\" style=\"background-color:#ffe5e4\"><\/span><div class=\"wp-block-cover__inner-container is-layout-flow wp-block-cover-is-layout-flow\">\n<div class=\"wp-block-columns is-layout-flex wp-container-core-columns-is-layout-9d6595d7 wp-block-columns-is-layout-flex\">\n<div class=\"wp-block-column is-layout-flow wp-block-column-is-layout-flow\" style=\"flex-basis:33%\"><\/div>\n\n\n\n<div class=\"wp-block-column text-center is-layout-flow wp-block-column-is-layout-flow\" style=\"flex-basis:50%\">\n<h1 class=\"wp-block-heading has-text-color\" style=\"color:#22223b\">M\u00e4dchen f\u00fcr M\u00e4dchen<\/h1>\n\n\n\n<p class=\"has-vivid-cyan-blue-color has-text-color\"><strong>UNDER CONSTRUCTION<\/strong><\/p>\n\n\n\n<p class=\"has-text-color\" style=\"color:#22223b\">Mit unserem #girlsforgirls Online Magazin unterst\u00fctzen sich M\u00e4dchen gegenseitig bei einem erfolgreichen Start in die Zukunft, besonders bei Fragen wie &#8220;Was soll ich sp\u00e4ter mal werden?&#8221; oder &#8220;Worin bin ich gut?&#8221;.<\/p>\n\n\n\n<a href=\"https:\/\/intombi.de\/en\/intombi\/\" class=\"wp-block-cgb-block-link-button btn-white mr-3 mb-3 btn\">Mehr \u00fcber Intombi<\/a>\n\n\n\n<a href=\"https:\/\/intombi.de\/corona\/\" class=\"wp-block-cgb-block-link-button btn-white mr-3 mb-3 btn\">Corona-Blues Support<\/a>\n<\/div>\n\n\n\n<div class=\"wp-block-column is-layout-flow wp-block-column-is-layout-flow\" style=\"flex-basis:33%\"><\/div>\n<\/div>\n<\/div><\/div>\n\n\n\n<p><\/p>\n","protected":false},"excerpt":{"rendered":"","protected":false},"author":15,"featured_media":0,"parent":0,"menu_order":0,"comment_status":"closed","ping_status":"closed","template":"views\/template-home.blade.php","meta":{"_acf_changed":false,"footnotes":""},"class_list":["post-29138","page","type-page","status-publish","hentry"],"acf":[],"yoast_head":"<!-- This site is optimized with the Yoast SEO plugin v27.4 - https:\/\/yoast.com\/product\/yoast-seo-wordpress\/ -->\n<title>M\u00e4dchen f\u00fcr M\u00e4dchen - intombi<\/title>\n<meta name=\"description\" content=\"F\u00fcr M\u00e4dchen weltweit. Sich austauschen, voneinander lernen, sich f\u00fcreinander einsetzen und Chancen f\u00fcr eine erfolgreiche Zukunft schaffen \u2013 hierbei unterst\u00fctzen wir M\u00e4dchen weltweit. Pers\u00f6nlich und partizipativ ist unsere Arbeit f\u00fcr und vor allem mit M\u00e4dchen angelegt.\" \/>\n<meta name=\"robots\" content=\"index, follow, max-snippet:-1, max-image-preview:large, max-video-preview:-1\" \/>\n<link rel=\"canonical\" href=\"https:\/\/intombi.de\/uk\/\" \/>\n<meta property=\"og:locale\" content=\"uk_UA\" \/>\n<meta property=\"og:type\" content=\"article\" \/>\n<meta property=\"og:title\" content=\"M\u00e4dchen f\u00fcr M\u00e4dchen - intombi\" \/>\n<meta property=\"og:description\" content=\"F\u00fcr M\u00e4dchen weltweit. Sich austauschen, voneinander lernen, sich f\u00fcreinander einsetzen und Chancen f\u00fcr eine erfolgreiche Zukunft schaffen \u2013 hierbei unterst\u00fctzen wir M\u00e4dchen weltweit. Pers\u00f6nlich und partizipativ ist unsere Arbeit f\u00fcr und vor allem mit M\u00e4dchen angelegt.\" \/>\n<meta property=\"og:url\" content=\"https:\/\/intombi.de\/uk\/\" \/>\n<meta property=\"og:site_name\" content=\"intombi\" \/>\n<meta property=\"article:publisher\" content=\"https:\/\/www.facebook.com\/intombiforgirls\/\" \/>\n<meta property=\"article:modified_time\" content=\"2024-01-20T09:37:28+00:00\" \/>\n<meta property=\"og:image\" content=\"https:\/\/intombi.de\/wp-content\/uploads\/2021\/11\/Foto-10-scaled.jpg\" \/>\n<meta name=\"twitter:card\" content=\"summary_large_image\" \/>\n<meta name=\"twitter:site\" content=\"@intombiforgirls\" \/>\n<meta name=\"twitter:label1\" content=\"Est. reading time\" \/>\n\t<meta name=\"twitter:data1\" content=\"1 minute\" \/>\n<script type=\"application\/ld+json\" class=\"yoast-schema-graph\">{\"@context\":\"https:\\\/\\\/schema.org\",\"@graph\":[{\"@type\":\"WebPage\",\"@id\":\"https:\\\/\\\/intombi.de\\\/uk\\\/\",\"url\":\"https:\\\/\\\/intombi.de\\\/uk\\\/\",\"name\":\"M\u00e4dchen f\u00fcr M\u00e4dchen - intombi\",\"isPartOf\":{\"@id\":\"https:\\\/\\\/intombi.de\\\/#website\"},\"primaryImageOfPage\":{\"@id\":\"https:\\\/\\\/intombi.de\\\/uk\\\/#primaryimage\"},\"image\":{\"@id\":\"https:\\\/\\\/intombi.de\\\/uk\\\/#primaryimage\"},\"thumbnailUrl\":\"https:\\\/\\\/intombi.de\\\/wp-content\\\/uploads\\\/2021\\\/11\\\/Foto-10-scaled.jpg\",\"datePublished\":\"2024-01-16T18:22:31+00:00\",\"dateModified\":\"2024-01-20T09:37:28+00:00\",\"description\":\"F\u00fcr M\u00e4dchen weltweit. Sich austauschen, voneinander lernen, sich f\u00fcreinander einsetzen und Chancen f\u00fcr eine erfolgreiche Zukunft schaffen \u2013 hierbei unterst\u00fctzen wir M\u00e4dchen weltweit. Pers\u00f6nlich und partizipativ ist unsere Arbeit f\u00fcr und vor allem mit M\u00e4dchen angelegt.\",\"breadcrumb\":{\"@id\":\"https:\\\/\\\/intombi.de\\\/uk\\\/#breadcrumb\"},\"inLanguage\":\"uk-UA\",\"potentialAction\":[{\"@type\":\"ReadAction\",\"target\":[\"https:\\\/\\\/intombi.de\\\/uk\\\/\"]}]},{\"@type\":\"ImageObject\",\"inLanguage\":\"uk-UA\",\"@id\":\"https:\\\/\\\/intombi.de\\\/uk\\\/#primaryimage\",\"url\":\"https:\\\/\\\/intombi.de\\\/wp-content\\\/uploads\\\/2021\\\/11\\\/Foto-10-scaled.jpg\",\"contentUrl\":\"https:\\\/\\\/intombi.de\\\/wp-content\\\/uploads\\\/2021\\\/11\\\/Foto-10-scaled.jpg\"},{\"@type\":\"BreadcrumbList\",\"@id\":\"https:\\\/\\\/intombi.de\\\/uk\\\/#breadcrumb\",\"itemListElement\":[{\"@type\":\"ListItem\",\"position\":1,\"name\":\"Startseite\",\"item\":\"https:\\\/\\\/intombi.de\\\/uk\\\/\"},{\"@type\":\"ListItem\",\"position\":2,\"name\":\"M\u00e4dchen f\u00fcr M\u00e4dchen\"}]},{\"@type\":\"WebSite\",\"@id\":\"https:\\\/\\\/intombi.de\\\/#website\",\"url\":\"https:\\\/\\\/intombi.de\\\/\",\"name\":\"intombi\",\"description\":\"for girls worldwide\",\"potentialAction\":[{\"@type\":\"SearchAction\",\"target\":{\"@type\":\"EntryPoint\",\"urlTemplate\":\"https:\\\/\\\/intombi.de\\\/?s={search_term_string}\"},\"query-input\":{\"@type\":\"PropertyValueSpecification\",\"valueRequired\":true,\"valueName\":\"search_term_string\"}}],\"inLanguage\":\"uk-UA\"}]}<\/script>\n<!-- \/ Yoast SEO plugin. -->","yoast_head_json":{"title":"M\u00e4dchen f\u00fcr M\u00e4dchen - intombi","description":"F\u00fcr M\u00e4dchen weltweit. Sich austauschen, voneinander lernen, sich f\u00fcreinander einsetzen und Chancen f\u00fcr eine erfolgreiche Zukunft schaffen \u2013 hierbei unterst\u00fctzen wir M\u00e4dchen weltweit. Pers\u00f6nlich und partizipativ ist unsere Arbeit f\u00fcr und vor allem mit M\u00e4dchen angelegt.","robots":{"index":"index","follow":"follow","max-snippet":"max-snippet:-1","max-image-preview":"max-image-preview:large","max-video-preview":"max-video-preview:-1"},"canonical":"https:\/\/intombi.de\/uk\/","og_locale":"uk_UA","og_type":"article","og_title":"M\u00e4dchen f\u00fcr M\u00e4dchen - intombi","og_description":"F\u00fcr M\u00e4dchen weltweit. Sich austauschen, voneinander lernen, sich f\u00fcreinander einsetzen und Chancen f\u00fcr eine erfolgreiche Zukunft schaffen \u2013 hierbei unterst\u00fctzen wir M\u00e4dchen weltweit. Pers\u00f6nlich und partizipativ ist unsere Arbeit f\u00fcr und vor allem mit M\u00e4dchen angelegt.","og_url":"https:\/\/intombi.de\/uk\/","og_site_name":"intombi","article_publisher":"https:\/\/www.facebook.com\/intombiforgirls\/","article_modified_time":"2024-01-20T09:37:28+00:00","og_image":[{"url":"https:\/\/intombi.de\/wp-content\/uploads\/2021\/11\/Foto-10-scaled.jpg","type":"","width":"","height":""}],"twitter_card":"summary_large_image","twitter_site":"@intombiforgirls","twitter_misc":{"Est. reading time":"1 minute"},"schema":{"@context":"https:\/\/schema.org","@graph":[{"@type":"WebPage","@id":"https:\/\/intombi.de\/uk\/","url":"https:\/\/intombi.de\/uk\/","name":"M\u00e4dchen f\u00fcr M\u00e4dchen - intombi","isPartOf":{"@id":"https:\/\/intombi.de\/#website"},"primaryImageOfPage":{"@id":"https:\/\/intombi.de\/uk\/#primaryimage"},"image":{"@id":"https:\/\/intombi.de\/uk\/#primaryimage"},"thumbnailUrl":"https:\/\/intombi.de\/wp-content\/uploads\/2021\/11\/Foto-10-scaled.jpg","datePublished":"2024-01-16T18:22:31+00:00","dateModified":"2024-01-20T09:37:28+00:00","description":"F\u00fcr M\u00e4dchen weltweit. Sich austauschen, voneinander lernen, sich f\u00fcreinander einsetzen und Chancen f\u00fcr eine erfolgreiche Zukunft schaffen \u2013 hierbei unterst\u00fctzen wir M\u00e4dchen weltweit. Pers\u00f6nlich und partizipativ ist unsere Arbeit f\u00fcr und vor allem mit M\u00e4dchen angelegt.","breadcrumb":{"@id":"https:\/\/intombi.de\/uk\/#breadcrumb"},"inLanguage":"uk-UA","potentialAction":[{"@type":"ReadAction","target":["https:\/\/intombi.de\/uk\/"]}]},{"@type":"ImageObject","inLanguage":"uk-UA","@id":"https:\/\/intombi.de\/uk\/#primaryimage","url":"https:\/\/intombi.de\/wp-content\/uploads\/2021\/11\/Foto-10-scaled.jpg","contentUrl":"https:\/\/intombi.de\/wp-content\/uploads\/2021\/11\/Foto-10-scaled.jpg"},{"@type":"BreadcrumbList","@id":"https:\/\/intombi.de\/uk\/#breadcrumb","itemListElement":[{"@type":"ListItem","position":1,"name":"Startseite","item":"https:\/\/intombi.de\/uk\/"},{"@type":"ListItem","position":2,"name":"M\u00e4dchen f\u00fcr M\u00e4dchen"}]},{"@type":"WebSite","@id":"https:\/\/intombi.de\/#website","url":"https:\/\/intombi.de\/","name":"intombi","description":"for girls worldwide","potentialAction":[{"@type":"SearchAction","target":{"@type":"EntryPoint","urlTemplate":"https:\/\/intombi.de\/?s={search_term_string}"},"query-input":{"@type":"PropertyValueSpecification","valueRequired":true,"valueName":"search_term_string"}}],"inLanguage":"uk-UA"}]}},"_links":{"self":[{"href":"https:\/\/intombi.de\/uk\/wp-json\/wp\/v2\/pages\/29138","targetHints":{"allow":["GET"]}}],"collection":[{"href":"https:\/\/intombi.de\/uk\/wp-json\/wp\/v2\/pages"}],"about":[{"href":"https:\/\/intombi.de\/uk\/wp-json\/wp\/v2\/types\/page"}],"author":[{"embeddable":true,"href":"https:\/\/intombi.de\/uk\/wp-json\/wp\/v2\/users\/15"}],"replies":[{"embeddable":true,"href":"https:\/\/intombi.de\/uk\/wp-json\/wp\/v2\/comments?post=29138"}],"version-history":[{"count":0,"href":"https:\/\/intombi.de\/uk\/wp-json\/wp\/v2\/pages\/29138\/revisions"}],"wp:attachment":[{"href":"https:\/\/intombi.de\/uk\/wp-json\/wp\/v2\/media?parent=29138"}],"curies":[{"name":"wp","href":"https:\/\/api.w.org\/{rel}","templated":true}]}}